{"id":9,"date":"2024-11-21T12:04:40","date_gmt":"2024-11-21T12:04:40","guid":{"rendered":"https:\/\/techmilitar.com\/tecnologia\/"},"modified":"2024-11-25T09:09:59","modified_gmt":"2024-11-25T09:09:59","slug":"tecnologia","status":"publish","type":"page","link":"https:\/\/techmilitar.com\/inicio\/tecnologia\/","title":{"rendered":"Tecnolog\u00eda y gadgets"},"content":{"rendered":"\n<div class=\"wp-block-query is-layout-flow wp-block-query-is-layout-flow\"><ul class=\"wp-block-post-template is-layout-flow wp-block-post-template-is-layout-flow\"><li class=\"wp-block-post post-134 post type-post status-publish format-standard has-post-thumbnail hentry category-articulos category-rankings category-tecnologia category-tecnologia-y-gadgets tag-64 tag-rugerizado\">\n<h2 class=\"wp-block-post-title\"><a href=\"https:\/\/techmilitar.com\/inicio\/smartphones-rugerizados-2026-top-5\/\" target=\"_self\" >Smartphones Rugerizados 2026: Top 5 M\u00e1s Vendidos en Amazon Espa\u00f1a<\/a><\/h2>\n\n<figure class=\"alignwide wp-block-post-featured-image\"><a href=\"https:\/\/techmilitar.com\/inicio\/smartphones-rugerizados-2026-top-5\/\" target=\"_self\"  ><img decoding=\"async\" width=\"1366\" height=\"914\" src=\"https:\/\/techmilitar.com\/wp-content\/uploads\/2024\/11\/galaxy-s20.jpeg\" class=\"attachment-post-thumbnail size-post-thumbnail wp-post-image\" alt=\"Smartphones Rugerizados 2026: Top 5 M\u00e1s Vendidos en Amazon Espa\u00f1a\" style=\"object-fit:cover;\" srcset=\"https:\/\/techmilitar.com\/wp-content\/uploads\/2024\/11\/galaxy-s20.jpeg 1366w, https:\/\/techmilitar.com\/wp-content\/uploads\/2024\/11\/galaxy-s20-300x201.jpeg 300w, https:\/\/techmilitar.com\/wp-content\/uploads\/2024\/11\/galaxy-s20-1024x685.jpeg 1024w, https:\/\/techmilitar.com\/wp-content\/uploads\/2024\/11\/galaxy-s20-768x514.jpeg 768w\" sizes=\"(max-width: 1366px) 100vw, 1366px\" \/><\/a><\/figure>\n\n<div class=\"wp-block-post-excerpt\"><p class=\"wp-block-post-excerpt__excerpt\">Los smartphones rugerizados m\u00e1s vendidos en Amazon Espa\u00f1a en 2026 combinan certificaci\u00f3n MIL-STD-810H, IP68\/IP69K y conectividad 5G a precios cada vez m\u00e1s\u2026 <\/p><\/div>\n\n\n<hr class=\"wp-block-separator has-css-opacity\"\/>\n\n\n<div class=\"wp-block-post-date\"><time datetime=\"2026-04-13T18:55:07+00:00\">13\/04\/2026<\/time><\/div>\n<\/li><li class=\"wp-block-post post-353 post type-post status-publish format-standard has-post-thumbnail hentry category-tecnologia-y-gadgets category-equipamiento-militar category-equipamiento-tactico category-rankings category-tecnologia category-tecnologia-y-drones tag-64 tag-tactica\">\n<h2 class=\"wp-block-post-title\"><a href=\"https:\/\/techmilitar.com\/inicio\/mejores-drones-tacticos-2026\/\" target=\"_self\" >Mejores Drones T\u00e1cticos 2026: DJI Mavic 3 Pro y Top 3 para Reconocimiento Militar<\/a><\/h2>\n\n<figure class=\"alignwide wp-block-post-featured-image\"><a href=\"https:\/\/techmilitar.com\/inicio\/mejores-drones-tacticos-2026\/\" target=\"_self\"  ><img decoding=\"async\" width=\"1032\" height=\"1280\" src=\"https:\/\/techmilitar.com\/wp-content\/uploads\/2025\/03\/drone-8188144_1280-1.jpg\" class=\"attachment-post-thumbnail size-post-thumbnail wp-post-image\" alt=\"Mejores Drones T\u00e1cticos 2026: DJI Mavic 3 Pro y Top 3 para Reconocimiento Militar\" style=\"object-fit:cover;\" srcset=\"https:\/\/techmilitar.com\/wp-content\/uploads\/2025\/03\/drone-8188144_1280-1.jpg 1032w, https:\/\/techmilitar.com\/wp-content\/uploads\/2025\/03\/drone-8188144_1280-1-242x300.jpg 242w, https:\/\/techmilitar.com\/wp-content\/uploads\/2025\/03\/drone-8188144_1280-1-826x1024.jpg 826w, https:\/\/techmilitar.com\/wp-content\/uploads\/2025\/03\/drone-8188144_1280-1-768x953.jpg 768w\" sizes=\"(max-width: 1032px) 100vw, 1032px\" \/><\/a><\/figure>\n\n<div class=\"wp-block-post-excerpt\"><p class=\"wp-block-post-excerpt__excerpt\">Los mejores drones t\u00e1cticos de 2026 para reconocimiento militar, vigilancia de campo y exploraci\u00f3n son liderados por el DJI Mavic 3 Pro\u2026 <\/p><\/div>\n\n\n<hr class=\"wp-block-separator has-css-opacity\"\/>\n\n\n<div class=\"wp-block-post-date\"><time datetime=\"2026-04-13T18:30:25+00:00\">13\/04\/2026<\/time><\/div>\n<\/li><li class=\"wp-block-post post-53 post type-post status-publish format-standard has-post-thumbnail hentry category-tecnologia-y-gadgets category-reviews tag-64 tag-militar\">\n<h2 class=\"wp-block-post-title\"><a href=\"https:\/\/techmilitar.com\/inicio\/garmin-instinct-2-solar-tactical-analisis-2026\/\" target=\"_self\" >Garmin Instinct 2 Solar Tactical: An\u00e1lisis Completo 2026 y Por Qu\u00e9 es el Mejor Reloj Militar<\/a><\/h2>\n\n<figure class=\"alignwide wp-block-post-featured-image\"><a href=\"https:\/\/techmilitar.com\/inicio\/garmin-instinct-2-solar-tactical-analisis-2026\/\" target=\"_self\"  ><img decoding=\"async\" width=\"1464\" height=\"600\" src=\"https:\/\/techmilitar.com\/wp-content\/uploads\/2024\/11\/1a1205f0-ebfb-43e4-a022-81ac5c73e479.__CR0029281200_PT0_SX1464_V1___.jpg\" class=\"attachment-post-thumbnail size-post-thumbnail wp-post-image\" alt=\"Garmin Instinct 2 Solar Tactical: An\u00e1lisis Completo 2026 y Por Qu\u00e9 es el Mejor Reloj Militar\" style=\"object-fit:cover;\" srcset=\"https:\/\/techmilitar.com\/wp-content\/uploads\/2024\/11\/1a1205f0-ebfb-43e4-a022-81ac5c73e479.__CR0029281200_PT0_SX1464_V1___.jpg 1464w, https:\/\/techmilitar.com\/wp-content\/uploads\/2024\/11\/1a1205f0-ebfb-43e4-a022-81ac5c73e479.__CR0029281200_PT0_SX1464_V1___-300x123.jpg 300w, https:\/\/techmilitar.com\/wp-content\/uploads\/2024\/11\/1a1205f0-ebfb-43e4-a022-81ac5c73e479.__CR0029281200_PT0_SX1464_V1___-1024x420.jpg 1024w, https:\/\/techmilitar.com\/wp-content\/uploads\/2024\/11\/1a1205f0-ebfb-43e4-a022-81ac5c73e479.__CR0029281200_PT0_SX1464_V1___-768x315.jpg 768w, https:\/\/techmilitar.com\/wp-content\/uploads\/2024\/11\/1a1205f0-ebfb-43e4-a022-81ac5c73e479.__CR0029281200_PT0_SX1464_V1___-1100x450.jpg 1100w\" sizes=\"(max-width: 1464px) 100vw, 1464px\" \/><\/a><\/figure>\n\n<div class=\"wp-block-post-excerpt\"><p class=\"wp-block-post-excerpt__excerpt\">El Garmin Instinct 2 Solar Tactical es el reloj militar de referencia en 2026. Certificado MIL-STD-810H, carga solar con autonom\u00eda pr\u00e1cticamente ilimitada\u2026 <\/p><\/div>\n\n\n<hr class=\"wp-block-separator has-css-opacity\"\/>\n\n\n<div class=\"wp-block-post-date\"><time datetime=\"2026-04-13T18:25:25+00:00\">13\/04\/2026<\/time><\/div>\n<\/li><li class=\"wp-block-post post-161 post type-post status-publish format-standard has-post-thumbnail hentry category-tecnologia-y-gadgets category-equipamiento category-rankings category-tecnologia tag-64 tag-rugerizado\">\n<h2 class=\"wp-block-post-title\"><a href=\"https:\/\/techmilitar.com\/inicio\/mejores-smartphones-rugerizados-2026\/\" target=\"_self\" >Mejores Smartphones Rugerizados 2026: Blackview BL7000 5G y Top 3 por Menos de 400\u20ac<\/a><\/h2>\n\n<figure class=\"alignwide wp-block-post-featured-image\"><a href=\"https:\/\/techmilitar.com\/inicio\/mejores-smartphones-rugerizados-2026\/\" target=\"_self\"  ><img decoding=\"async\" width=\"1024\" height=\"576\" src=\"https:\/\/techmilitar.com\/wp-content\/uploads\/2024\/11\/TELEFONO-RUG.jpg\" class=\"attachment-post-thumbnail size-post-thumbnail wp-post-image\" alt=\"Mejores Smartphones Rugerizados 2026: Blackview BL7000 5G y Top 3 por Menos de 400\u20ac\" style=\"object-fit:cover;\" srcset=\"https:\/\/techmilitar.com\/wp-content\/uploads\/2024\/11\/TELEFONO-RUG.jpg 1024w, https:\/\/techmilitar.com\/wp-content\/uploads\/2024\/11\/TELEFONO-RUG-300x169.jpg 300w, https:\/\/techmilitar.com\/wp-content\/uploads\/2024\/11\/TELEFONO-RUG-768x432.jpg 768w\" sizes=\"(max-width: 1024px) 100vw, 1024px\" \/><\/a><\/figure>\n\n<div class=\"wp-block-post-excerpt\"><p class=\"wp-block-post-excerpt__excerpt\">Los mejores smartphones rugerizados de 2026 combinan certificaci\u00f3n MIL-STD-810H, IP68\/IP69K y conectividad 5G a precios cada vez m\u00e1s competitivos. El Blackview BL7000\u2026 <\/p><\/div>\n\n\n<hr class=\"wp-block-separator has-css-opacity\"\/>\n\n\n<div class=\"wp-block-post-date\"><time datetime=\"2026-04-13T18:22:03+00:00\">13\/04\/2026<\/time><\/div>\n<\/li><\/ul><\/div>\n\n\n\n<div class=\"wp-block-group alignfull hostinger-ai-our-projects-3 hostinger-ai-fade-up is-layout-constrained wp-block-group-is-layout-constrained\">\n<div class=\"wp-block-group alignwide hostinger-ai-fade-up is-content-justification-left is-layout-constrained wp-container-core-group-is-layout-8c890d92 wp-block-group-is-layout-constrained\">\n<h2 class=\"wp-block-heading has-text-align-left is-style-default hostinger-ai-title has-dark-color has-text-color has-link-color has-x-large-font-size wp-elements-0d14250c020b5111f4d2c7e882533a53\" style=\"margin-bottom:var(--wp--preset--spacing--30)\">Tecnolog\u00eda Militar Avanzada<\/h2>\n<\/div>\n\n\n\n<div class=\"wp-block-group alignwide project-item hostinger-ai-fade-up is-layout-grid wp-container-core-group-is-layout-a2e73877 wp-block-group-is-layout-grid\" style=\"padding-top:var(--wp--preset--spacing--40);padding-right:0;padding-bottom:var(--wp--preset--spacing--60);padding-left:0\">\n<div class=\"wp-block-group project-item-content hostinger-ai-fade-up wp-container-content-5e2576f9 is-vertical is-content-justification-left is-nowrap is-layout-flex wp-container-core-group-is-layout-243d8815 wp-block-group-is-layout-flex\" style=\"padding-right:var(--wp--preset--spacing--60);padding-left:0\">\n<h2 class=\"wp-block-heading hostinger-ai-project-title has-dark-color has-text-color has-link-color has-x-large-font-size wp-elements-4130b23e3d9fcd27e3c476f06063ed8f\" style=\"margin-top:0;margin-right:0;margin-bottom:0;margin-left:0;padding-bottom:var(--wp--preset--spacing--20)\">Equipamiento de Airsoft<\/h2>\n\n\n\n<p class=\"hostinger-ai-project-description has-dark-color has-text-color has-link-color has-medium-font-size wp-elements-d1b6150acfa3a99bf80d75f4c71eddb1\" style=\"margin-top:0;margin-bottom:var(--wp--preset--spacing--50)\">Explora las \u00faltimas innovaciones en tecnolog\u00eda militar y airsoft. Nuestro blog ofrece an\u00e1lisis detallados sobre equipos, ropa y accesorios para mejorar tu experiencia en el campo de batalla.<\/p>\n<\/div>\n\n\n\n<div class=\"wp-block-group hostinger-ai-fade-up is-layout-constrained wp-block-group-is-layout-constrained\">\n<figure class=\"wp-block-image size-full has-custom-border hostinger-ai-project-image hostinger-index-3\"><img decoding=\"async\" src=\"https:\/\/images.unsplash.com\/photo-1700774607125-d24961014590?crop=entropy&amp;cs=srgb&amp;fm=jpg&amp;ixid=M3w0NTI1Mzl8MHwxfHNlYXJjaHwxMHx8bWlsaXRhcnklMjBnZWFyfGVufDB8fHx8MTczMjE5MDY3OXww&amp;ixlib=rb-4.0.3&amp;q=85&amp;w=584&amp;h=438&amp;fit=crop\" alt=\"\" class=\"wp-image-18\" style=\"border-radius:8px\"\/><\/figure>\n<\/div>\n<\/div>\n\n\n\n<div class=\"wp-block-group alignwide project-item hostinger-ai-fade-up is-layout-grid wp-container-core-group-is-layout-a2e73877 wp-block-group-is-layout-grid\" style=\"padding-top:var(--wp--preset--spacing--40);padding-right:0;padding-bottom:var(--wp--preset--spacing--60);padding-left:0\">\n<div class=\"wp-block-group project-item-content hostinger-ai-fade-up wp-container-content-5e2576f9 is-vertical is-content-justification-left is-nowrap is-layout-flex wp-container-core-group-is-layout-243d8815 wp-block-group-is-layout-flex\" style=\"padding-right:var(--wp--preset--spacing--60);padding-left:0\">\n<h2 class=\"wp-block-heading hostinger-ai-project-title hostinger-index-1 has-dark-color has-text-color has-link-color has-x-large-font-size wp-elements-c81d4901b1efddf9d37226796896b1df\" style=\"margin-top:0;margin-right:0;margin-bottom:0;margin-left:0;padding-bottom:var(--wp--preset--spacing--20)\">Ropa T\u00e1ctica Eficaz<\/h2>\n\n\n\n<p class=\"hostinger-ai-project-description hostinger-index-1 has-dark-color has-text-color has-link-color has-medium-font-size wp-elements-8e84bd2f452ceb7cb1b1a7b59c5ac828\" style=\"margin-top:0;margin-bottom:var(--wp--preset--spacing--50)\">Descubre nuestra selecci\u00f3n de ropa t\u00e1ctica dise\u00f1ada para ofrecer comodidad y funcionalidad. Ideal para militares y entusiastas del airsoft que buscan rendimiento en condiciones exigentes.<\/p>\n<\/div>\n\n\n\n<div class=\"wp-block-group hostinger-ai-fade-up is-layout-constrained wp-block-group-is-layout-constrained\">\n<figure class=\"wp-block-image size-full has-custom-border hostinger-ai-project-image hostinger-index-4\"><img decoding=\"async\" src=\"https:\/\/images.unsplash.com\/photo-1700774607125-d24961014590?crop=entropy&amp;cs=srgb&amp;fm=jpg&amp;ixid=M3w0NTI1Mzl8MHwxfHNlYXJjaHwxMHx8bWlsaXRhcnklMjBnZWFyfGVufDB8fHx8MTczMjE5MDY3OXww&amp;ixlib=rb-4.0.3&amp;q=85&amp;w=584&amp;h=438&amp;fit=crop\" alt=\"\" class=\"wp-image-18\" style=\"border-radius:8px\"\/><\/figure>\n<\/div>\n<\/div>\n\n\n\n<div class=\"wp-block-group alignwide project-item is-layout-grid wp-container-core-group-is-layout-ad008643 wp-block-group-is-layout-grid\" style=\"padding-top:var(--wp--preset--spacing--40);padding-right:0;padding-bottom:0;padding-left:0\">\n<div class=\"wp-block-group project-item-content hostinger-ai-fade-up wp-container-content-5e2576f9 is-vertical is-content-justification-left is-nowrap is-layout-flex wp-container-core-group-is-layout-243d8815 wp-block-group-is-layout-flex\" style=\"padding-right:var(--wp--preset--spacing--60);padding-left:0\">\n<h2 class=\"wp-block-heading hostinger-ai-project-title hostinger-index-2 has-dark-color has-text-color has-link-color has-x-large-font-size wp-elements-df9a89f72256fae8b2cce38dda4f9137\" style=\"margin-top:0;margin-right:0;margin-bottom:0;margin-left:0;padding-bottom:var(--wp--preset--spacing--20)\">Accesorios Esenciales<\/h2>\n\n\n\n<p class=\"hostinger-ai-project-description hostinger-index-2 has-dark-color has-text-color has-link-color has-medium-font-size wp-elements-a8056e99fe27cc55acbda96286f71f5d\" style=\"margin-top:0;margin-bottom:var(--wp--preset--spacing--50)\">Encuentra los mejores accesorios para complementar tu equipo militar y de airsoft. Desde mochilas hasta herramientas, cada producto est\u00e1 seleccionado para maximizar tu eficacia y comodidad.<\/p>\n<\/div>\n\n\n\n<div class=\"wp-block-group hostinger-ai-fade-up is-layout-constrained wp-block-group-is-layout-constrained\">\n<figure class=\"wp-block-image size-full has-custom-border hostinger-ai-project-image hostinger-index-5\"><img decoding=\"async\" src=\"https:\/\/images.unsplash.com\/photo-1542302525-62b7757e0c85?crop=entropy&amp;cs=srgb&amp;fm=jpg&amp;ixid=M3w0NTI1Mzl8MHwxfHNlYXJjaHwxfHxtaWxpdGFyeSUyMGdlYXJ8ZW58MHx8fHwxNzMyMTkwNjc5fDA&amp;ixlib=rb-4.0.3&amp;q=85&amp;w=584&amp;h=438&amp;fit=crop\" alt=\"\" class=\"wp-image-18\" style=\"border-radius:8px\"\/><\/figure>\n<\/div>\n<\/div>\n<\/div>\n\n\n\n<div class=\"wp-block-group alignwide hostinger-ai-fade-up is-content-justification-center is-nowrap is-layout-flex wp-container-core-group-is-layout-94bc23d7 wp-block-group-is-layout-flex\"><\/div>\n\n\n\n<div class=\"wp-block-group alignfull hostinger-ai-fade-up is-layout-constrained wp-block-group-is-layout-constrained\">\n<div class=\"wp-block-group alignwide hostinger-ai-fade-up is-layout-grid wp-container-core-group-is-layout-78c6ece7 wp-block-group-is-layout-grid\">\n<div class=\"wp-block-group is-content-justification-center is-nowrap is-layout-flex wp-container-core-group-is-layout-94bc23d7 wp-block-group-is-layout-flex\">\n<figure class=\"wp-block-image size-full is-resized has-custom-border hostinger-ai-image\"><img decoding=\"async\" src=\"https:\/\/images.unsplash.com\/photo-1662699947585-6e91a43f33df?crop=entropy&amp;cs=srgb&amp;fm=jpg&amp;ixid=M3w0NTI1Mzl8MHwxfHNlYXJjaHwyfHxtaWxpdGFyeSUyMGdlYXJ8ZW58MHx8fHwxNzMyMTkwNjc5fDA&amp;ixlib=rb-4.0.3&amp;q=85&amp;w=400&amp;h=400&amp;fit=crop\" alt=\"\" class=\"wp-image-160\" style=\"border-radius:8px;width:557px;height:auto\"\/><\/figure>\n<\/div>\n\n\n\n<figure class=\"wp-block-image size-full wp-container-content-f3b810f2\"><img decoding=\"async\" width=\"600\" height=\"946\" src=\"https:\/\/techmilitar.com\/wp-content\/uploads\/2024\/11\/equipo.jpeg\" alt=\"\" class=\"wp-image-34\" srcset=\"https:\/\/techmilitar.com\/wp-content\/uploads\/2024\/11\/equipo.jpeg 600w, https:\/\/techmilitar.com\/wp-content\/uploads\/2024\/11\/equipo-190x300.jpeg 190w\" sizes=\"(max-width: 600px) 100vw, 600px\" \/><\/figure>\n<\/div>\n<\/div>\n","protected":false},"excerpt":{"rendered":"<p>Tecnolog\u00eda Militar Avanzada Equipamiento de Airsoft Explora las \u00faltimas innovaciones en tecnolog\u00eda militar y airsoft. Nuestro blog ofrece an\u00e1lisis detallados sobre equipos,\u2026<\/p>\n","protected":false},"author":1,"featured_media":0,"parent":0,"menu_order":0,"comment_status":"closed","ping_status":"closed","template":"","meta":{"footnotes":""},"class_list":["post-9","page","type-page","status-publish","hentry"],"_links":{"self":[{"href":"https:\/\/techmilitar.com\/inicio\/wp-json\/wp\/v2\/pages\/9","targetHints":{"allow":["GET"]}}],"collection":[{"href":"https:\/\/techmilitar.com\/inicio\/wp-json\/wp\/v2\/pages"}],"about":[{"href":"https:\/\/techmilitar.com\/inicio\/wp-json\/wp\/v2\/types\/page"}],"author":[{"embeddable":true,"href":"https:\/\/techmilitar.com\/inicio\/wp-json\/wp\/v2\/users\/1"}],"replies":[{"embeddable":true,"href":"https:\/\/techmilitar.com\/inicio\/wp-json\/wp\/v2\/comments?post=9"}],"version-history":[{"count":5,"href":"https:\/\/techmilitar.com\/inicio\/wp-json\/wp\/v2\/pages\/9\/revisions"}],"predecessor-version":[{"id":206,"href":"https:\/\/techmilitar.com\/inicio\/wp-json\/wp\/v2\/pages\/9\/revisions\/206"}],"wp:attachment":[{"href":"https:\/\/techmilitar.com\/inicio\/wp-json\/wp\/v2\/media?parent=9"}],"curies":[{"name":"wp","href":"https:\/\/api.w.org\/{rel}","templated":true}]}}